{"id":4481,"date":"2020-09-21T16:29:20","date_gmt":"2020-09-21T14:29:20","guid":{"rendered":"https:\/\/institut-nawawi.fr\/?page_id=4481"},"modified":"2020-09-21T17:59:24","modified_gmt":"2020-09-21T15:59:24","slug":"cea-si","status":"publish","type":"page","link":"https:\/\/institut-nawawi.fr\/?page_id=4481","title":{"rendered":"CEA-SI &#8211; Cycle d\u2019\u00e9tudes approfondies en SI"},"content":{"rendered":"<h2 style=\"text-align: center;\">Cycle d\u2019\u00e9tudes approfondies en Sciences Islamiques.<\/h2>\n<h4 style=\"text-align: center;\">Sp\u00e9cialit\u00e9 : jurisprudence et fondement du droit<\/h4>\n<p>Dans le p\u00f4le adulte nous proposons un cursus universitaire, trois cycles :<\/p>\n<h5>1er cycle des \u00ab fondements \u00bb qui a comme objectif :<\/h5>\n<ul>\n<li>De donner une vision claire et saine de l\u2019Islam \u00e0 travers une \u00e9tude des fondamentaux de l\u2019Islam.<\/li>\n<\/ul>\n<h5>Le 2\u00e8me cycle de la \u00ab consolidation \u00bb qui a pour objectif :<\/h5>\n<ul>\n<li>\u00c9largir le champs de connaissance en sciences islamiques.<\/li>\n<li>Initier les \u00e9tudiants \u00e0 un acc\u00e8s aux sources et aux m\u00e9trologies pour se conformer aux normes et les codes scientifique des sciences islamiques.<\/li>\n<\/ul>\n<h5>Le 3\u00e8me cycle de l\u2019 \u00ab \u00e9panouissement \u00bb qui a pour objectif :<\/h5>\n<ul>\n<li>Consolider et approfondir les acquis des quatre ann\u00e9es pr\u00e9c\u00e9dentes (SI1, SI2, SI3 et SI4).<\/li>\n<li>D\u00e9velopper l\u2019autonomie et la capacit\u00e9 de recherche.<\/li>\n<li>Former, par la pratique, les futurs enseignants en sciences islamiques.<\/li>\n<\/ul>\n<p><img loading=\"lazy\" decoding=\"async\" class=\"aligncenter wp-image-4483 size-full\" src=\"https:\/\/institut-nawawi.fr\/wp-content\/uploads\/Les3cycles-1.jpg\" alt=\"\" width=\"1920\" height=\"1080\" srcset=\"https:\/\/institut-nawawi.fr\/wp-content\/uploads\/Les3cycles-1.jpg 1920w, https:\/\/institut-nawawi.fr\/wp-content\/uploads\/Les3cycles-1-300x169.jpg 300w, https:\/\/institut-nawawi.fr\/wp-content\/uploads\/Les3cycles-1-1024x576.jpg 1024w, https:\/\/institut-nawawi.fr\/wp-content\/uploads\/Les3cycles-1-768x432.jpg 768w, https:\/\/institut-nawawi.fr\/wp-content\/uploads\/Les3cycles-1-1536x864.jpg 1536w\" sizes=\"(max-width: 1920px) 100vw, 1920px\" \/><\/p>\n<h5><span style=\"color: #ff0000;\">Conditions d\u2019admission au CEA-SI (pr\u00e9requis) :<\/span><\/h5>\n<ol>\n<li>Avoir valid\u00e9 le cursus de l\u2019ISHN (institut Nawawi) ou \u00e9quivalent :<\/li>\n<li>\u00catre motiv\u00e9<\/li>\n<\/ol>\n<h5>CEA-SI &#8211; M\u00e9thode :<\/h5>\n<p>La formation sera ax\u00e9e sur trois dimensions :<\/p>\n<ul>\n<li>Dimension formation :<br \/>\n(Voir contenu de la formation)<\/li>\n<li>Dimension recherche :<br \/>\nDes sujets de recherches seront soumis aux \u00e9tudiants durant toute la formation en plus du m\u00e9moire de fin de formation<\/li>\n<li>Dimension pratique (stage):<br \/>\nLes \u00e9tudiants seront sollicit\u00e9s, en fonction de leurs profiles, pour assurer quelques cours et\/ou TD.<\/li>\n<\/ul>\n<h5>CEA-CI &#8211; Contenu de la formation (th\u00e9orique)<\/h5>\n<h6>1er module : Les fondements du droit musulmans (Oussoul al fiqh)<\/h6>\n<ul>\n<li>Les aspects de la mauvaise compr\u00e9hension des Textes.<\/li>\n<li>Les fondements du droit musulman (1\u00e8re partie d\u2019oussoul al fiqh)<\/li>\n<li>Les indications linguistiques (2\u00e8me partie d\u2019oussoul al fiqh)<\/li>\n<li>Les Universaux de la l\u00e9gislation musulmanes (Shari\u2019a)<\/li>\n<\/ul>\n<h6>2\u00e8me module : Droit musulman (Fiqh)<\/h6>\n<ul>\n<li>Les fondements de l\u2019\u00e9cole Malikite<\/li>\n<li>Droit cultuel<\/li>\n<li>Droit statut personnel (mariage\/divorce\/garde des enfants\/h\u00e9ritage)<\/li>\n<li>Droit des ventes<\/li>\n<li>Introduction au droit constitutionnel<\/li>\n<\/ul>\n<h6>3\u00e8me module : Sciences humaines<\/h6>\n<ul>\n<li>La logique (al mantiq)<\/li>\n<li>La th\u00e9orie de la connaissance<\/li>\n<li>Citoyennet\u00e9, la\u00efcit\u00e9 et identit\u00e9 religieuse<\/li>\n<li>Droit des associations<\/li>\n<\/ul>\n<h6>4\u00e8me module : autres sciences<\/h6>\n<ul>\n<li>M\u00e9thodes de recherche scientifiques<\/li>\n<li>\u00c9tude comparative des religions<\/li>\n<\/ul>\n","protected":false},"excerpt":{"rendered":"<p>Cycle d\u2019\u00e9tudes approfondies en Sciences Islamiques. Sp\u00e9cialit\u00e9 : jurisprudence et fondement du droit Dans le p\u00f4le adulte nous proposons un cursus universitaire, trois cycles : 1er cycle des \u00ab fondements \u00bb qui a comme objectif : De donner une vision claire et saine de l\u2019Islam \u00e0 travers une \u00e9tude des fondamentaux de l\u2019Islam. Le 2\u00e8me [&hellip;]<\/p>\n","protected":false},"author":1,"featured_media":0,"parent":0,"menu_order":0,"comment_status":"closed","ping_status":"closed","template":"","meta":{"footnotes":""},"yoast_head":"<!-- This site is optimized with the Yoast SEO plugin v15.3 - https:\/\/yoast.com\/wordpress\/plugins\/seo\/ -->\n<meta name=\"robots\" content=\"index, follow, max-snippet:-1, max-image-preview:large, max-video-preview:-1\" \/>\n<link rel=\"canonical\" href=\"https:\/\/institut-nawawi.fr\/?page_id=4481\" \/>\n<meta property=\"og:locale\" content=\"fr_FR\" \/>\n<meta property=\"og:type\" content=\"article\" \/>\n<meta property=\"og:title\" content=\"CEA-SI - Cycle d\u2019\u00e9tudes approfondies en SI - Institut des Sciences Humaines Nawawi\" \/>\n<meta property=\"og:description\" content=\"Cycle d\u2019\u00e9tudes approfondies en Sciences Islamiques. Sp\u00e9cialit\u00e9 : jurisprudence et fondement du droit Dans le p\u00f4le adulte nous proposons un cursus universitaire, trois cycles : 1er cycle des \u00ab fondements \u00bb qui a comme objectif : De donner une vision claire et saine de l\u2019Islam \u00e0 travers une \u00e9tude des fondamentaux de l\u2019Islam. Le 2\u00e8me [&hellip;]\" \/>\n<meta property=\"og:url\" content=\"https:\/\/institut-nawawi.fr\/?page_id=4481\" \/>\n<meta property=\"og:site_name\" content=\"Institut des Sciences Humaines Nawawi\" \/>\n<meta property=\"article:author\" content=\"https:\/\/www.facebook.com\/abdallah.haloui.3\" \/>\n<meta property=\"article:modified_time\" content=\"2020-09-21T15:59:24+00:00\" \/>\n<meta property=\"og:image\" content=\"https:\/\/institut-nawawi.fr\/wp-content\/uploads\/Les3cycles-1.jpg\" \/>\n<meta name=\"twitter:card\" content=\"summary_large_image\" \/>\n<meta name=\"twitter:label1\" content=\"\u00c9crit par\">\n\t<meta name=\"twitter:data1\" content=\"Abdallah\">\n\t<meta name=\"twitter:label2\" content=\"Dur\u00e9e de lecture est.\">\n\t<meta name=\"twitter:data2\" content=\"1 minute\">\n<script type=\"application\/ld+json\" class=\"yoast-schema-graph\">{\"@context\":\"https:\/\/schema.org\",\"@graph\":[{\"@type\":\"WebSite\",\"@id\":\"https:\/\/institut-nawawi.fr\/#website\",\"url\":\"https:\/\/institut-nawawi.fr\/\",\"name\":\"Institut des Sciences Humaines Nawawi\",\"description\":\"L&#039;ISHN place la formation de qualit\\u00e9 au centre de ses pr\\u00e9occupations.\",\"potentialAction\":[{\"@type\":\"SearchAction\",\"target\":\"https:\/\/institut-nawawi.fr\/?s={search_term_string}\",\"query-input\":\"required name=search_term_string\"}],\"inLanguage\":\"fr-FR\"},{\"@type\":\"ImageObject\",\"@id\":\"https:\/\/institut-nawawi.fr\/?page_id=4481#primaryimage\",\"inLanguage\":\"fr-FR\",\"url\":\"https:\/\/institut-nawawi.fr\/wp-content\/uploads\/Les3cycles-1.jpg\",\"width\":1920,\"height\":1080},{\"@type\":\"WebPage\",\"@id\":\"https:\/\/institut-nawawi.fr\/?page_id=4481#webpage\",\"url\":\"https:\/\/institut-nawawi.fr\/?page_id=4481\",\"name\":\"CEA-SI - Cycle d\\u2019\\u00e9tudes approfondies en SI - Institut des Sciences Humaines Nawawi\",\"isPartOf\":{\"@id\":\"https:\/\/institut-nawawi.fr\/#website\"},\"primaryImageOfPage\":{\"@id\":\"https:\/\/institut-nawawi.fr\/?page_id=4481#primaryimage\"},\"datePublished\":\"2020-09-21T14:29:20+00:00\",\"dateModified\":\"2020-09-21T15:59:24+00:00\",\"inLanguage\":\"fr-FR\",\"potentialAction\":[{\"@type\":\"ReadAction\",\"target\":[\"https:\/\/institut-nawawi.fr\/?page_id=4481\"]}]}]}<\/script>\n<!-- \/ Yoast SEO plugin. -->","_links":{"self":[{"href":"https:\/\/institut-nawawi.fr\/index.php?rest_route=\/wp\/v2\/pages\/4481"}],"collection":[{"href":"https:\/\/institut-nawawi.fr\/index.php?rest_route=\/wp\/v2\/pages"}],"about":[{"href":"https:\/\/institut-nawawi.fr\/index.php?rest_route=\/wp\/v2\/types\/page"}],"author":[{"embeddable":true,"href":"https:\/\/institut-nawawi.fr\/index.php?rest_route=\/wp\/v2\/users\/1"}],"replies":[{"embeddable":true,"href":"https:\/\/institut-nawawi.fr\/index.php?rest_route=%2Fwp%2Fv2%2Fcomments&post=4481"}],"version-history":[{"count":10,"href":"https:\/\/institut-nawawi.fr\/index.php?rest_route=\/wp\/v2\/pages\/4481\/revisions"}],"predecessor-version":[{"id":4494,"href":"https:\/\/institut-nawawi.fr\/index.php?rest_route=\/wp\/v2\/pages\/4481\/revisions\/4494"}],"wp:attachment":[{"href":"https:\/\/institut-nawawi.fr\/index.php?rest_route=%2Fwp%2Fv2%2Fmedia&parent=4481"}],"curies":[{"name":"wp","href":"https:\/\/api.w.org\/{rel}","templated":true}]}}