{"id":4022,"date":"2018-11-01T15:35:02","date_gmt":"2018-11-01T14:35:02","guid":{"rendered":"https:\/\/institut-nawawi.fr\/?page_id=4022"},"modified":"2021-11-16T19:44:54","modified_gmt":"2021-11-16T18:44:54","slug":"comment-soutenir-le-projet-dachat-des-locaux-de-lishn","status":"publish","type":"page","link":"https:\/\/institut-nawawi.fr\/?page_id=4022","title":{"rendered":"Soutenir le projet &#8220;R\u00e9novation des locaux de l&#8217;ISHN&#8221;"},"content":{"rendered":"<p style=\"text-align: center;\">\u00ab <strong>Et faites \u00e0 Allah un pr\u00eat sinc\u00e8re. Tout bien que vous vous pr\u00e9pariez, vous le retrouverez aupr\u00e8s d\u2019Allah, meilleur et plus grand en fait de r\u00e9compense. Et implorez le pardon d\u2019Allah. Car Allah est Pardonneur et Tr\u00e8s Mis\u00e9ricordieux<\/strong>. \u00bb Sourate 73- S\u016brat Al-Muzzammil<\/p>\n<h3 style=\"text-align: center;\">Vos dons par Carte Bancaire sont 100% s\u00e9curis\u00e9s.<\/h3>\n<h3 style=\"text-align: center;\">1) Via la cagnotte sur Top Collecte :<\/h3>\n<p style=\"text-align: center;\"><a href=\"https:\/\/www.topcollecte.com\/collecte\/renovation-locaux-ishn\"><strong><span style=\"color: #0000ff;\">https:\/\/www.topcollecte.com\/collecte\/renovation-locaux-ishn<\/span><\/strong><\/a><\/p>\n<form action=\"https:\/\/www.paypal.com\/cgi-bin\/webscr\" method=\"post\" target=\"_top\"><input name=\"cmd\" type=\"hidden\" value=\"_s-xclick\" \/><\/form>\n<h3 style=\"text-align: center;\"><input name=\"cmd\" type=\"hidden\" value=\"_s-xclick\" \/>2) Ou via PayPal :<\/h3>\n<form action=\"https:\/\/www.paypal.com\/cgi-bin\/webscr\" method=\"post\" target=\"_top\"><input name=\"cmd\" type=\"hidden\" value=\"_s-xclick\" \/><br \/>\n<input name=\"hosted_button_id\" type=\"hidden\" value=\"PTP5BBWPEMJX6\" \/><br \/>\n<input title=\"PayPal - The safer, easier way to pay online!\" alt=\"Donate with PayPal button\" name=\"submit\" src=\"https:\/\/www.paypalobjects.com\/fr_FR\/FR\/i\/btn\/btn_donateCC_LG.gif\" type=\"image\" \/><br \/>\n<img loading=\"lazy\" decoding=\"async\" src=\"https:\/\/www.paypal.com\/fr_FR\/i\/scr\/pixel.gif\" alt=\"\" width=\"1\" height=\"1\" border=\"0\" \/><\/form>\n<h3 style=\"text-align: center;\">Par virement bancaire :<\/h3>\n<p style=\"text-align: center;\"><strong>IBAN : FR76 1027 8073 2600 0204 4040 142 BIC : CMCIFR2A<\/strong><\/p>\n<h3 style=\"text-align: center;\">Par ch\u00e8que : <strong>A l\u2019ordre de \u00ab ISHN \u00bb<\/strong><\/h3>\n<p style=\"text-align: center;\"><em>Adresse : 62 rue Ambroise Par\u00e9 42100 Saint-\u00c9tienne<\/em><\/p>\n<h3 style=\"text-align: center;\">Par pr\u00e9l\u00e8vement automatique :<\/h3>\n<p style=\"text-align: center;\">demander le formulaire : <strong>direction@nawawi.fr<\/strong><img loading=\"lazy\" decoding=\"async\" class=\"aligncenter\" src=\"https:\/\/www.paypal.com\/fr_FR\/i\/scr\/pixel.gif\" alt=\"\" width=\"1\" height=\"1\" border=\"0\" \/><\/p>\n","protected":false},"excerpt":{"rendered":"<p>\u00ab Et faites \u00e0 Allah un pr\u00eat sinc\u00e8re. Tout bien que vous vous pr\u00e9pariez, vous le retrouverez aupr\u00e8s d\u2019Allah, meilleur et plus grand en fait de r\u00e9compense. Et implorez le pardon d\u2019Allah. Car Allah est Pardonneur et Tr\u00e8s Mis\u00e9ricordieux. \u00bb Sourate 73- S\u016brat Al-Muzzammil Vos dons par Carte Bancaire sont 100% s\u00e9curis\u00e9s. 1) Via la [&hellip;]<\/p>\n","protected":false},"author":1,"featured_media":0,"parent":0,"menu_order":0,"comment_status":"closed","ping_status":"closed","template":"","meta":{"footnotes":""},"yoast_head":"<!-- This site is optimized with the Yoast SEO plugin v15.3 - https:\/\/yoast.com\/wordpress\/plugins\/seo\/ -->\n<meta name=\"robots\" content=\"index, follow, max-snippet:-1, max-image-preview:large, max-video-preview:-1\" \/>\n<link rel=\"canonical\" href=\"https:\/\/institut-nawawi.fr\/?page_id=4022\" \/>\n<meta property=\"og:locale\" content=\"fr_FR\" \/>\n<meta property=\"og:type\" content=\"article\" \/>\n<meta property=\"og:title\" content=\"Soutenir le projet &quot;R\u00e9novation des locaux de l&#039;ISHN&quot; - Institut des Sciences Humaines Nawawi\" \/>\n<meta property=\"og:description\" content=\"\u00ab Et faites \u00e0 Allah un pr\u00eat sinc\u00e8re. Tout bien que vous vous pr\u00e9pariez, vous le retrouverez aupr\u00e8s d\u2019Allah, meilleur et plus grand en fait de r\u00e9compense. Et implorez le pardon d\u2019Allah. Car Allah est Pardonneur et Tr\u00e8s Mis\u00e9ricordieux. \u00bb Sourate 73- S\u016brat Al-Muzzammil Vos dons par Carte Bancaire sont 100% s\u00e9curis\u00e9s. 1) Via la [&hellip;]\" \/>\n<meta property=\"og:url\" content=\"https:\/\/institut-nawawi.fr\/?page_id=4022\" \/>\n<meta property=\"og:site_name\" content=\"Institut des Sciences Humaines Nawawi\" \/>\n<meta property=\"article:author\" content=\"https:\/\/www.facebook.com\/abdallah.haloui.3\" \/>\n<meta property=\"article:modified_time\" content=\"2021-11-16T18:44:54+00:00\" \/>\n<meta property=\"og:image\" content=\"https:\/\/www.paypal.com\/fr_FR\/i\/scr\/pixel.gif\" \/>\n<meta name=\"twitter:card\" content=\"summary_large_image\" \/>\n<meta name=\"twitter:label1\" content=\"\u00c9crit par\">\n\t<meta name=\"twitter:data1\" content=\"Abdallah\">\n\t<meta name=\"twitter:label2\" content=\"Dur\u00e9e de lecture est.\">\n\t<meta name=\"twitter:data2\" content=\"0 minute\">\n<script type=\"application\/ld+json\" class=\"yoast-schema-graph\">{\"@context\":\"https:\/\/schema.org\",\"@graph\":[{\"@type\":\"WebSite\",\"@id\":\"https:\/\/institut-nawawi.fr\/#website\",\"url\":\"https:\/\/institut-nawawi.fr\/\",\"name\":\"Institut des Sciences Humaines Nawawi\",\"description\":\"L&#039;ISHN place la formation de qualit\\u00e9 au centre de ses pr\\u00e9occupations.\",\"potentialAction\":[{\"@type\":\"SearchAction\",\"target\":\"https:\/\/institut-nawawi.fr\/?s={search_term_string}\",\"query-input\":\"required name=search_term_string\"}],\"inLanguage\":\"fr-FR\"},{\"@type\":\"ImageObject\",\"@id\":\"https:\/\/institut-nawawi.fr\/?page_id=4022#primaryimage\",\"inLanguage\":\"fr-FR\",\"url\":\"https:\/\/www.paypal.com\/fr_FR\/i\/scr\/pixel.gif\"},{\"@type\":\"WebPage\",\"@id\":\"https:\/\/institut-nawawi.fr\/?page_id=4022#webpage\",\"url\":\"https:\/\/institut-nawawi.fr\/?page_id=4022\",\"name\":\"Soutenir le projet \\\"R\\u00e9novation des locaux de l'ISHN\\\" - Institut des Sciences Humaines Nawawi\",\"isPartOf\":{\"@id\":\"https:\/\/institut-nawawi.fr\/#website\"},\"primaryImageOfPage\":{\"@id\":\"https:\/\/institut-nawawi.fr\/?page_id=4022#primaryimage\"},\"datePublished\":\"2018-11-01T14:35:02+00:00\",\"dateModified\":\"2021-11-16T18:44:54+00:00\",\"inLanguage\":\"fr-FR\",\"potentialAction\":[{\"@type\":\"ReadAction\",\"target\":[\"https:\/\/institut-nawawi.fr\/?page_id=4022\"]}]}]}<\/script>\n<!-- \/ Yoast SEO plugin. -->","_links":{"self":[{"href":"https:\/\/institut-nawawi.fr\/index.php?rest_route=\/wp\/v2\/pages\/4022"}],"collection":[{"href":"https:\/\/institut-nawawi.fr\/index.php?rest_route=\/wp\/v2\/pages"}],"about":[{"href":"https:\/\/institut-nawawi.fr\/index.php?rest_route=\/wp\/v2\/types\/page"}],"author":[{"embeddable":true,"href":"https:\/\/institut-nawawi.fr\/index.php?rest_route=\/wp\/v2\/users\/1"}],"replies":[{"embeddable":true,"href":"https:\/\/institut-nawawi.fr\/index.php?rest_route=%2Fwp%2Fv2%2Fcomments&post=4022"}],"version-history":[{"count":23,"href":"https:\/\/institut-nawawi.fr\/index.php?rest_route=\/wp\/v2\/pages\/4022\/revisions"}],"predecessor-version":[{"id":4607,"href":"https:\/\/institut-nawawi.fr\/index.php?rest_route=\/wp\/v2\/pages\/4022\/revisions\/4607"}],"wp:attachment":[{"href":"https:\/\/institut-nawawi.fr\/index.php?rest_route=%2Fwp%2Fv2%2Fmedia&parent=4022"}],"curies":[{"name":"wp","href":"https:\/\/api.w.org\/{rel}","templated":true}]}}