{"id":3962,"date":"2018-10-25T19:36:12","date_gmt":"2018-10-25T17:36:12","guid":{"rendered":"https:\/\/institut-nawawi.fr\/?page_id=3962"},"modified":"2018-10-25T19:42:16","modified_gmt":"2018-10-25T17:42:16","slug":"%d9%82%d8%b3%d9%85-%d8%a7%d9%84%d8%af%d8%b1%d8%a7%d8%b3%d8%a7%d8%aa-%d8%a7%d9%84%d8%a5%d8%b3%d9%84%d8%a7%d9%85%db%8c%d8%a9-%d8%a8%d8%a7%d9%84%d9%84%d8%ba%d8%a9-%d8%a7%d9%84%d8%b9%d8%b1%d8%a8%db%8c","status":"publish","type":"page","link":"https:\/\/institut-nawawi.fr\/?page_id=3962","title":{"rendered":"\u0642\u0633\u0645 \u0627\u0644\u062f\u0631\u0627\u0633\u0627\u062a \u0627\u0644\u0625\u0633\u0644\u0627\u0645\u06cc\u0629 \u0628\u0627\u0644\u0644\u063a\u0629 \u0627\u0644\u0639\u0631\u0628\u06cc\u0629"},"content":{"rendered":"<p style=\"text-align: center;\"><strong>\u0627\u0641\u062a\u062a\u0627\u062d \u0642\u0633\u0645 \u0627\u0644\u062f\u0631\u0627\u0633\u0627\u062a \u0627\u0644\u0625\u0633\u0644\u0627\u0645\u06cc\u0629 \u0628\u0627\u0644\u0644\u063a\u0629 \u0627\u0644\u0639\u0631\u0628\u06cc\u0629<\/strong><\/p>\n<p style=\"text-align: center;\"><strong>\u064a\u0633\u0639\u062f\u0646\u0627 \u0623\u0646 \u0646\u0632\u0641 \u0625\u0644\u064a\u0643\u0645 \u062e\u0628\u0631 \u0627\u0641\u062a\u062a\u0627\u062d \u0642\u0633\u0645 \u0627\u0644\u062f\u0631\u0627\u0633\u0627\u062a \u0627\u0644\u0625\u0633\u0644\u0627\u0645\u06cc\u0629 \u0628\u0627\u0644\u0644\u063a\u0629 \u0627\u0644\u0639\u0631\u0628\u06cc\u0629 \u0628\u0645\u0639\u0647\u062f \u0627\u0644\u0625\u0645\u0627\u0645 \u0627\u0644\u0646\u0648\u0648\u064a<\/strong><strong>.<\/strong><strong> \u0642\u0633\u0645 \u06cc\u0639\u0646\u0649 \u0628\u062a\u062f\u0631\u06cc\u0633 \u0627\u0644\u0639\u0644\u0648\u0645 \u0627\u0644\u0625\u0633\u0644\u0627\u0645\u06cc\u0629 \u0648\u0627\u0644\u0634\u0631\u0639\u06cc\u0629 \u0628\u0627\u0644\u0644\u0651\u063a\u0629 \u0627\u0644\u0639\u0631\u0628\u06cc\u0629 \u0644\u0637\u0644\u0628\u0629 \u0627\u0644\u0645\u0639\u0631\u0628\u06cc\u0646<\/strong><strong>.<\/strong><\/p>\n<p style=\"text-align: center;\">Nous sommes heureux de vous informer de l&#8217;ouverture du d\u00e9partement des \u00e9tudes islamiques en arabe \u00e0 l&#8217;Institut Nawawi.<\/p>\n<p style=\"text-align: center;\">C\u2019est un d\u00e9partement d&#8217;enseignement des sciences islamiques en langue arabe pour les \u00e9tudiants arabophones.<\/p>\n<p><img loading=\"lazy\" decoding=\"async\" class=\"aligncenter wp-image-3967 size-large\" src=\"https:\/\/institut-nawawi.fr\/wp-content\/uploads\/De\u00e2rtement-Arabe-712x1024.jpg\" alt=\"\" width=\"712\" height=\"1024\" srcset=\"https:\/\/institut-nawawi.fr\/wp-content\/uploads\/De\u00e2rtement-Arabe-712x1024.jpg 712w, https:\/\/institut-nawawi.fr\/wp-content\/uploads\/De\u00e2rtement-Arabe-209x300.jpg 209w, https:\/\/institut-nawawi.fr\/wp-content\/uploads\/De\u00e2rtement-Arabe-768x1104.jpg 768w, https:\/\/institut-nawawi.fr\/wp-content\/uploads\/De\u00e2rtement-Arabe.jpg 941w\" sizes=\"(max-width: 712px) 100vw, 712px\" \/><\/p>\n","protected":false},"excerpt":{"rendered":"<p>\u0627\u0641\u062a\u062a\u0627\u062d \u0642\u0633\u0645 \u0627\u0644\u062f\u0631\u0627\u0633\u0627\u062a \u0627\u0644\u0625\u0633\u0644\u0627\u0645\u06cc\u0629 \u0628\u0627\u0644\u0644\u063a\u0629 \u0627\u0644\u0639\u0631\u0628\u06cc\u0629 \u064a\u0633\u0639\u062f\u0646\u0627 \u0623\u0646 \u0646\u0632\u0641 \u0625\u0644\u064a\u0643\u0645 \u062e\u0628\u0631 \u0627\u0641\u062a\u062a\u0627\u062d \u0642\u0633\u0645 \u0627\u0644\u062f\u0631\u0627\u0633\u0627\u062a \u0627\u0644\u0625\u0633\u0644\u0627\u0645\u06cc\u0629 \u0628\u0627\u0644\u0644\u063a\u0629 \u0627\u0644\u0639\u0631\u0628\u06cc\u0629 \u0628\u0645\u0639\u0647\u062f \u0627\u0644\u0625\u0645\u0627\u0645 \u0627\u0644\u0646\u0648\u0648\u064a. \u0642\u0633\u0645 \u06cc\u0639\u0646\u0649 \u0628\u062a\u062f\u0631\u06cc\u0633 \u0627\u0644\u0639\u0644\u0648\u0645 \u0627\u0644\u0625\u0633\u0644\u0627\u0645\u06cc\u0629 \u0648\u0627\u0644\u0634\u0631\u0639\u06cc\u0629 \u0628\u0627\u0644\u0644\u0651\u063a\u0629 \u0627\u0644\u0639\u0631\u0628\u06cc\u0629 \u0644\u0637\u0644\u0628\u0629 \u0627\u0644\u0645\u0639\u0631\u0628\u06cc\u0646. Nous sommes heureux de vous informer de l&#8217;ouverture du d\u00e9partement des \u00e9tudes islamiques en arabe \u00e0 l&#8217;Institut Nawawi. C\u2019est un d\u00e9partement d&#8217;enseignement des sciences islamiques [&hellip;]<\/p>\n","protected":false},"author":1,"featured_media":0,"parent":0,"menu_order":0,"comment_status":"closed","ping_status":"closed","template":"","meta":{"footnotes":""},"yoast_head":"<!-- This site is optimized with the Yoast SEO plugin v15.3 - https:\/\/yoast.com\/wordpress\/plugins\/seo\/ -->\n<meta name=\"robots\" content=\"index, follow, max-snippet:-1, max-image-preview:large, max-video-preview:-1\" \/>\n<link rel=\"canonical\" href=\"https:\/\/institut-nawawi.fr\/?page_id=3962\" \/>\n<meta property=\"og:locale\" content=\"fr_FR\" \/>\n<meta property=\"og:type\" content=\"article\" \/>\n<meta property=\"og:title\" content=\"\u0642\u0633\u0645 \u0627\u0644\u062f\u0631\u0627\u0633\u0627\u062a \u0627\u0644\u0625\u0633\u0644\u0627\u0645\u06cc\u0629 \u0628\u0627\u0644\u0644\u063a\u0629 \u0627\u0644\u0639\u0631\u0628\u06cc\u0629 - Institut des Sciences Humaines Nawawi\" \/>\n<meta property=\"og:description\" content=\"\u0627\u0641\u062a\u062a\u0627\u062d \u0642\u0633\u0645 \u0627\u0644\u062f\u0631\u0627\u0633\u0627\u062a \u0627\u0644\u0625\u0633\u0644\u0627\u0645\u06cc\u0629 \u0628\u0627\u0644\u0644\u063a\u0629 \u0627\u0644\u0639\u0631\u0628\u06cc\u0629 \u064a\u0633\u0639\u062f\u0646\u0627 \u0623\u0646 \u0646\u0632\u0641 \u0625\u0644\u064a\u0643\u0645 \u062e\u0628\u0631 \u0627\u0641\u062a\u062a\u0627\u062d \u0642\u0633\u0645 \u0627\u0644\u062f\u0631\u0627\u0633\u0627\u062a \u0627\u0644\u0625\u0633\u0644\u0627\u0645\u06cc\u0629 \u0628\u0627\u0644\u0644\u063a\u0629 \u0627\u0644\u0639\u0631\u0628\u06cc\u0629 \u0628\u0645\u0639\u0647\u062f \u0627\u0644\u0625\u0645\u0627\u0645 \u0627\u0644\u0646\u0648\u0648\u064a. \u0642\u0633\u0645 \u06cc\u0639\u0646\u0649 \u0628\u062a\u062f\u0631\u06cc\u0633 \u0627\u0644\u0639\u0644\u0648\u0645 \u0627\u0644\u0625\u0633\u0644\u0627\u0645\u06cc\u0629 \u0648\u0627\u0644\u0634\u0631\u0639\u06cc\u0629 \u0628\u0627\u0644\u0644\u0651\u063a\u0629 \u0627\u0644\u0639\u0631\u0628\u06cc\u0629 \u0644\u0637\u0644\u0628\u0629 \u0627\u0644\u0645\u0639\u0631\u0628\u06cc\u0646. Nous sommes heureux de vous informer de l&#8217;ouverture du d\u00e9partement des \u00e9tudes islamiques en arabe \u00e0 l&#8217;Institut Nawawi. C\u2019est un d\u00e9partement d&#8217;enseignement des sciences islamiques [&hellip;]\" \/>\n<meta property=\"og:url\" content=\"https:\/\/institut-nawawi.fr\/?page_id=3962\" \/>\n<meta property=\"og:site_name\" content=\"Institut des Sciences Humaines Nawawi\" \/>\n<meta property=\"article:author\" content=\"https:\/\/www.facebook.com\/abdallah.haloui.3\" \/>\n<meta property=\"article:modified_time\" content=\"2018-10-25T17:42:16+00:00\" \/>\n<meta property=\"og:image\" content=\"https:\/\/institut-nawawi.fr\/wp-content\/uploads\/De\u00e2rtement-Arabe-712x1024.jpg\" \/>\n<meta name=\"twitter:card\" content=\"summary_large_image\" \/>\n<meta name=\"twitter:label1\" content=\"\u00c9crit par\">\n\t<meta name=\"twitter:data1\" content=\"Abdallah\">\n\t<meta name=\"twitter:label2\" content=\"Dur\u00e9e de lecture est.\">\n\t<meta name=\"twitter:data2\" content=\"0 minute\">\n<script type=\"application\/ld+json\" class=\"yoast-schema-graph\">{\"@context\":\"https:\/\/schema.org\",\"@graph\":[{\"@type\":\"WebSite\",\"@id\":\"https:\/\/institut-nawawi.fr\/#website\",\"url\":\"https:\/\/institut-nawawi.fr\/\",\"name\":\"Institut des Sciences Humaines Nawawi\",\"description\":\"L&#039;ISHN place la formation de qualit\\u00e9 au centre de ses pr\\u00e9occupations.\",\"potentialAction\":[{\"@type\":\"SearchAction\",\"target\":\"https:\/\/institut-nawawi.fr\/?s={search_term_string}\",\"query-input\":\"required name=search_term_string\"}],\"inLanguage\":\"fr-FR\"},{\"@type\":\"ImageObject\",\"@id\":\"https:\/\/institut-nawawi.fr\/?page_id=3962#primaryimage\",\"inLanguage\":\"fr-FR\",\"url\":\"https:\/\/institut-nawawi.fr\/wp-content\/uploads\/De\\u00e2rtement-Arabe-712x1024.jpg\"},{\"@type\":\"WebPage\",\"@id\":\"https:\/\/institut-nawawi.fr\/?page_id=3962#webpage\",\"url\":\"https:\/\/institut-nawawi.fr\/?page_id=3962\",\"name\":\"\\u0642\\u0633\\u0645 \\u0627\\u0644\\u062f\\u0631\\u0627\\u0633\\u0627\\u062a \\u0627\\u0644\\u0625\\u0633\\u0644\\u0627\\u0645\\u06cc\\u0629 \\u0628\\u0627\\u0644\\u0644\\u063a\\u0629 \\u0627\\u0644\\u0639\\u0631\\u0628\\u06cc\\u0629 - Institut des Sciences Humaines Nawawi\",\"isPartOf\":{\"@id\":\"https:\/\/institut-nawawi.fr\/#website\"},\"primaryImageOfPage\":{\"@id\":\"https:\/\/institut-nawawi.fr\/?page_id=3962#primaryimage\"},\"datePublished\":\"2018-10-25T17:36:12+00:00\",\"dateModified\":\"2018-10-25T17:42:16+00:00\",\"inLanguage\":\"fr-FR\",\"potentialAction\":[{\"@type\":\"ReadAction\",\"target\":[\"https:\/\/institut-nawawi.fr\/?page_id=3962\"]}]}]}<\/script>\n<!-- \/ Yoast SEO plugin. -->","_links":{"self":[{"href":"https:\/\/institut-nawawi.fr\/index.php?rest_route=\/wp\/v2\/pages\/3962"}],"collection":[{"href":"https:\/\/institut-nawawi.fr\/index.php?rest_route=\/wp\/v2\/pages"}],"about":[{"href":"https:\/\/institut-nawawi.fr\/index.php?rest_route=\/wp\/v2\/types\/page"}],"author":[{"embeddable":true,"href":"https:\/\/institut-nawawi.fr\/index.php?rest_route=\/wp\/v2\/users\/1"}],"replies":[{"embeddable":true,"href":"https:\/\/institut-nawawi.fr\/index.php?rest_route=%2Fwp%2Fv2%2Fcomments&post=3962"}],"version-history":[{"count":2,"href":"https:\/\/institut-nawawi.fr\/index.php?rest_route=\/wp\/v2\/pages\/3962\/revisions"}],"predecessor-version":[{"id":3968,"href":"https:\/\/institut-nawawi.fr\/index.php?rest_route=\/wp\/v2\/pages\/3962\/revisions\/3968"}],"wp:attachment":[{"href":"https:\/\/institut-nawawi.fr\/index.php?rest_route=%2Fwp%2Fv2%2Fmedia&parent=3962"}],"curies":[{"name":"wp","href":"https:\/\/api.w.org\/{rel}","templated":true}]}}