{"id":3924,"date":"2018-10-25T17:14:58","date_gmt":"2018-10-25T15:14:58","guid":{"rendered":"https:\/\/institut-nawawi.fr\/?page_id=3924"},"modified":"2020-09-21T16:05:57","modified_gmt":"2020-09-21T14:05:57","slug":"sciences-islamiques-si3-2","status":"publish","type":"page","link":"https:\/\/institut-nawawi.fr\/?page_id=3924","title":{"rendered":"Sciences Islamiques &#8211; SI3"},"content":{"rendered":"<h3>Objectifs de la formation :<\/h3>\n<ul>\n<li>Approfondir l\u2019objectif de 1\u00e8re cycle<\/li>\n<li>\u00c9largir le champ de connaissance en sciences islamiques.<\/li>\n<li>Initier les \u00e9tudiants \u00e0 un acc\u00e8s aux sources et aux m\u00e9trologies des th\u00e9ologiens pour se conformer aux normes et les codes scientifiques des sciences islamiques.<\/li>\n<\/ul>\n<h3>Programme de la formation \/ Ouvrages de r\u00e9f\u00e9rence :<\/h3>\n<p><img loading=\"lazy\" decoding=\"async\" class=\"aligncenter wp-image-4474 size-full\" src=\"https:\/\/institut-nawawi.fr\/wp-content\/uploads\/Programme_SI3.jpg\" alt=\"\" width=\"1920\" height=\"1080\" srcset=\"https:\/\/institut-nawawi.fr\/wp-content\/uploads\/Programme_SI3.jpg 1920w, https:\/\/institut-nawawi.fr\/wp-content\/uploads\/Programme_SI3-300x169.jpg 300w, https:\/\/institut-nawawi.fr\/wp-content\/uploads\/Programme_SI3-1024x576.jpg 1024w, https:\/\/institut-nawawi.fr\/wp-content\/uploads\/Programme_SI3-768x432.jpg 768w, https:\/\/institut-nawawi.fr\/wp-content\/uploads\/Programme_SI3-1536x864.jpg 1536w\" sizes=\"(max-width: 1920px) 100vw, 1920px\" \/><\/p>\n<h3>Capitalisation des connaissance \u2013 SI3<\/h3>\n<p><img loading=\"lazy\" decoding=\"async\" class=\"aligncenter wp-image-4475 size-full\" src=\"https:\/\/institut-nawawi.fr\/wp-content\/uploads\/Capitalisation_SI3.jpg\" alt=\"\" width=\"1920\" height=\"1080\" srcset=\"https:\/\/institut-nawawi.fr\/wp-content\/uploads\/Capitalisation_SI3.jpg 1920w, https:\/\/institut-nawawi.fr\/wp-content\/uploads\/Capitalisation_SI3-300x169.jpg 300w, https:\/\/institut-nawawi.fr\/wp-content\/uploads\/Capitalisation_SI3-1024x576.jpg 1024w, https:\/\/institut-nawawi.fr\/wp-content\/uploads\/Capitalisation_SI3-768x432.jpg 768w, https:\/\/institut-nawawi.fr\/wp-content\/uploads\/Capitalisation_SI3-1536x864.jpg 1536w\" sizes=\"(max-width: 1920px) 100vw, 1920px\" \/><\/p>\n<p style=\"text-align: center;\"><b>Le programme des sciences islamiques propos<\/b><b>\u00e9<\/b><b> par l<\/b><b>\u2019<\/b><b>ISHN est un programme qui respecte\u00a0 les normes et les codes scientifique enseign<\/b><b>\u00e9<\/b><b>s dans les universit<\/b><b>\u00e9<\/b><b>s de th<\/b><b>\u00e9<\/b><b>ologie musulmane <\/b><b>\u00e0<\/b><b> travers le monde.<\/b><\/p>\n","protected":false},"excerpt":{"rendered":"<p>Objectifs de la formation : Approfondir l\u2019objectif de 1\u00e8re cycle \u00c9largir le champ de connaissance en sciences islamiques. Initier les \u00e9tudiants \u00e0 un acc\u00e8s aux sources et aux m\u00e9trologies des th\u00e9ologiens pour se conformer aux normes et les codes scientifiques des sciences islamiques. Programme de la formation \/ Ouvrages de r\u00e9f\u00e9rence : Capitalisation des connaissance [&hellip;]<\/p>\n","protected":false},"author":1,"featured_media":0,"parent":0,"menu_order":0,"comment_status":"closed","ping_status":"closed","template":"","meta":{"footnotes":""},"yoast_head":"<!-- This site is optimized with the Yoast SEO plugin v15.3 - https:\/\/yoast.com\/wordpress\/plugins\/seo\/ -->\n<meta name=\"robots\" content=\"index, follow, max-snippet:-1, max-image-preview:large, max-video-preview:-1\" \/>\n<link rel=\"canonical\" href=\"https:\/\/institut-nawawi.fr\/?page_id=3924\" \/>\n<meta property=\"og:locale\" content=\"fr_FR\" \/>\n<meta property=\"og:type\" content=\"article\" \/>\n<meta property=\"og:title\" content=\"Sciences Islamiques - SI3 - Institut des Sciences Humaines Nawawi\" \/>\n<meta property=\"og:description\" content=\"Objectifs de la formation : Approfondir l\u2019objectif de 1\u00e8re cycle \u00c9largir le champ de connaissance en sciences islamiques. Initier les \u00e9tudiants \u00e0 un acc\u00e8s aux sources et aux m\u00e9trologies des th\u00e9ologiens pour se conformer aux normes et les codes scientifiques des sciences islamiques. Programme de la formation \/ Ouvrages de r\u00e9f\u00e9rence : Capitalisation des connaissance [&hellip;]\" \/>\n<meta property=\"og:url\" content=\"https:\/\/institut-nawawi.fr\/?page_id=3924\" \/>\n<meta property=\"og:site_name\" content=\"Institut des Sciences Humaines Nawawi\" \/>\n<meta property=\"article:author\" content=\"https:\/\/www.facebook.com\/abdallah.haloui.3\" \/>\n<meta property=\"article:modified_time\" content=\"2020-09-21T14:05:57+00:00\" \/>\n<meta property=\"og:image\" content=\"https:\/\/institut-nawawi.fr\/wp-content\/uploads\/Programme_SI3.jpg\" \/>\n<meta name=\"twitter:card\" content=\"summary_large_image\" \/>\n<meta name=\"twitter:label1\" content=\"\u00c9crit par\">\n\t<meta name=\"twitter:data1\" content=\"Abdallah\">\n\t<meta name=\"twitter:label2\" content=\"Dur\u00e9e de lecture est.\">\n\t<meta name=\"twitter:data2\" content=\"0 minute\">\n<script type=\"application\/ld+json\" class=\"yoast-schema-graph\">{\"@context\":\"https:\/\/schema.org\",\"@graph\":[{\"@type\":\"WebSite\",\"@id\":\"https:\/\/institut-nawawi.fr\/#website\",\"url\":\"https:\/\/institut-nawawi.fr\/\",\"name\":\"Institut des Sciences Humaines Nawawi\",\"description\":\"L&#039;ISHN place la formation de qualit\\u00e9 au centre de ses pr\\u00e9occupations.\",\"potentialAction\":[{\"@type\":\"SearchAction\",\"target\":\"https:\/\/institut-nawawi.fr\/?s={search_term_string}\",\"query-input\":\"required name=search_term_string\"}],\"inLanguage\":\"fr-FR\"},{\"@type\":\"ImageObject\",\"@id\":\"https:\/\/institut-nawawi.fr\/?page_id=3924#primaryimage\",\"inLanguage\":\"fr-FR\",\"url\":\"https:\/\/institut-nawawi.fr\/wp-content\/uploads\/Programme_SI3.jpg\",\"width\":1920,\"height\":1080},{\"@type\":\"WebPage\",\"@id\":\"https:\/\/institut-nawawi.fr\/?page_id=3924#webpage\",\"url\":\"https:\/\/institut-nawawi.fr\/?page_id=3924\",\"name\":\"Sciences Islamiques - SI3 - Institut des Sciences Humaines Nawawi\",\"isPartOf\":{\"@id\":\"https:\/\/institut-nawawi.fr\/#website\"},\"primaryImageOfPage\":{\"@id\":\"https:\/\/institut-nawawi.fr\/?page_id=3924#primaryimage\"},\"datePublished\":\"2018-10-25T15:14:58+00:00\",\"dateModified\":\"2020-09-21T14:05:57+00:00\",\"inLanguage\":\"fr-FR\",\"potentialAction\":[{\"@type\":\"ReadAction\",\"target\":[\"https:\/\/institut-nawawi.fr\/?page_id=3924\"]}]}]}<\/script>\n<!-- \/ Yoast SEO plugin. -->","_links":{"self":[{"href":"https:\/\/institut-nawawi.fr\/index.php?rest_route=\/wp\/v2\/pages\/3924"}],"collection":[{"href":"https:\/\/institut-nawawi.fr\/index.php?rest_route=\/wp\/v2\/pages"}],"about":[{"href":"https:\/\/institut-nawawi.fr\/index.php?rest_route=\/wp\/v2\/types\/page"}],"author":[{"embeddable":true,"href":"https:\/\/institut-nawawi.fr\/index.php?rest_route=\/wp\/v2\/users\/1"}],"replies":[{"embeddable":true,"href":"https:\/\/institut-nawawi.fr\/index.php?rest_route=%2Fwp%2Fv2%2Fcomments&post=3924"}],"version-history":[{"count":6,"href":"https:\/\/institut-nawawi.fr\/index.php?rest_route=\/wp\/v2\/pages\/3924\/revisions"}],"predecessor-version":[{"id":4476,"href":"https:\/\/institut-nawawi.fr\/index.php?rest_route=\/wp\/v2\/pages\/3924\/revisions\/4476"}],"wp:attachment":[{"href":"https:\/\/institut-nawawi.fr\/index.php?rest_route=%2Fwp%2Fv2%2Fmedia&parent=3924"}],"curies":[{"name":"wp","href":"https:\/\/api.w.org\/{rel}","templated":true}]}}